{"id":25,"date":"2023-04-04T07:53:35","date_gmt":"2023-04-04T07:53:35","guid":{"rendered":"http:\/\/annakonelli.de\/?page_id=25"},"modified":"2026-04-07T13:53:01","modified_gmt":"2026-04-07T13:53:01","slug":"schreibtipps","status":"publish","type":"page","link":"https:\/\/annakonelli.de\/?page_id=25","title":{"rendered":"Meine Schreibtipps"},"content":{"rendered":"\t\t<div data-elementor-type=\"wp-page\" data-elementor-id=\"25\" class=\"elementor elementor-25\" data-elementor-post-type=\"page\">\n\t\t\t\t\t\t<section class=\"elementor-section elementor-top-section elementor-element elementor-element-1bfef8c elementor-section-boxed elementor-section-height-default elementor-section-height-default\" data-id=\"1bfef8c\" data-element_type=\"section\" data-e-type=\"section\">\n\t\t\t\t\t\t<div class=\"elementor-container elementor-column-gap-default\">\n\t\t\t\t\t<div class=\"elementor-column elementor-col-100 elementor-top-column elementor-element elementor-element-78b5bac\" data-id=\"78b5bac\" data-element_type=\"column\" data-e-type=\"column\">\n\t\t\t<div class=\"elementor-widget-wrap elementor-element-populated\">\n\t\t\t\t\t\t<div class=\"elementor-element elementor-element-d0fd773 elementor-widget elementor-widget-text-editor\" data-id=\"d0fd773\" data-element_type=\"widget\" data-e-type=\"widget\" data-widget_type=\"text-editor.default\">\n\t\t\t\t<div class=\"elementor-widget-container\">\n\t\t\t\t\t\t\t\t\t<p><span style=\"color: #ffffff;\">Du brauchst professionelle Hilfe beim Expos\u00e9, ein Manuskriptgutachten oder Lektorat?<\/span><br><a href=\"https:\/\/annakonelli.de\/?page_id=27\">Hier geht&#8217;s zu meinen Dienstleistungen.<\/a><\/p>\n<p><iframe style=\"border-radius: 12px;\" src=\"https:\/\/open.spotify.com\/embed\/episode\/4zsONyr8U8oO8DvyzeZJ4Y?utm_source=generator\" width=\"100%\" height=\"152\" frameborder=\"0\" allowfullscreen=\"allowfullscreen\"><\/iframe><\/p>\n<p><span style=\"color: #ffffff;\">Auf meinen Social Media Accounts gebe ich in Videoform Schreibtipps, wie du eine fesselnde und lebendige Geschichte schreibst.<\/span><\/p>\n<p><span style=\"color: #ffffff;\">Zu manchen Tipps stelle ich Sheets und Frageb\u00f6gen zur Verf\u00fcgung, die du hier herunterladen kannst. Bitte beachte, dass diese nur f\u00fcr deinen privaten Nutzen vorgesehen sind.<\/span><\/p>\t\t\t\t\t\t\t\t<\/div>\n\t\t\t\t<\/div>\n\t\t\t\t<div class=\"elementor-element elementor-element-e8feeb0 elementor-widget elementor-widget-heading\" data-id=\"e8feeb0\" data-element_type=\"widget\" data-e-type=\"widget\" data-widget_type=\"heading.default\">\n\t\t\t\t<div class=\"elementor-widget-container\">\n\t\t\t\t\t<h2 class=\"elementor-heading-title elementor-size-default\"><h3 style=\"text-align: center\"><span style=\"color: #50855a\"><strong>Schreibtipps Sheets <\/strong><\/span><\/h3><\/h2>\t\t\t\t<\/div>\n\t\t\t\t<\/div>\n\t\t\t\t<div class=\"elementor-element elementor-element-9a2e33f elementor-widget elementor-widget-text-editor\" data-id=\"9a2e33f\" data-element_type=\"widget\" data-e-type=\"widget\" data-widget_type=\"text-editor.default\">\n\t\t\t\t<div class=\"elementor-widget-container\">\n\t\t\t\t\t\t\t\t\t<h3 style=\"text-align: center;\"><span style=\"color: #50855a;\"><strong><span style=\"color: #ffffff;\">Hat meine Buchidee Potenzial?<\/span> <\/strong><\/span><\/h3>\t\t\t\t\t\t\t\t<\/div>\n\t\t\t\t<\/div>\n\t\t\t\t<div class=\"elementor-element elementor-element-909a4cb elementor-align-center elementor-widget elementor-widget-button\" data-id=\"909a4cb\" data-element_type=\"widget\" data-e-type=\"widget\" data-widget_type=\"button.default\">\n\t\t\t\t<div class=\"elementor-widget-container\">\n\t\t\t\t\t\t\t\t\t<div class=\"elementor-button-wrapper\">\n\t\t\t\t\t<a class=\"elementor-button elementor-button-link elementor-size-sm\" href=\"https:\/\/annakonelli.de\/wp-content\/uploads\/2025\/05\/Konellis-Schreibtipps_Potenzial.pdf\" target=\"_blank\">\n\t\t\t\t\t\t<span class=\"elementor-button-content-wrapper\">\n\t\t\t\t\t\t\t\t\t<span class=\"elementor-button-text\">Download<\/span>\n\t\t\t\t\t<\/span>\n\t\t\t\t\t<\/a>\n\t\t\t\t<\/div>\n\t\t\t\t\t\t\t\t<\/div>\n\t\t\t\t<\/div>\n\t\t\t\t<div class=\"elementor-element elementor-element-829bf23 elementor-widget elementor-widget-text-editor\" data-id=\"829bf23\" data-element_type=\"widget\" data-e-type=\"widget\" data-widget_type=\"text-editor.default\">\n\t\t\t\t<div class=\"elementor-widget-container\">\n\t\t\t\t\t\t\t\t\t<h3 style=\"text-align: center;\">\u00a0<\/h3><h3 style=\"text-align: center;\"><strong>Plottingmethode: 3-Akt-Struktur<\/strong><\/h3>\t\t\t\t\t\t\t\t<\/div>\n\t\t\t\t<\/div>\n\t\t\t\t<div class=\"elementor-element elementor-element-97b8b8c elementor-align-center elementor-widget elementor-widget-button\" data-id=\"97b8b8c\" data-element_type=\"widget\" data-e-type=\"widget\" data-widget_type=\"button.default\">\n\t\t\t\t<div class=\"elementor-widget-container\">\n\t\t\t\t\t\t\t\t\t<div class=\"elementor-button-wrapper\">\n\t\t\t\t\t<a class=\"elementor-button elementor-button-link elementor-size-sm\" href=\"https:\/\/annakonelli.de\/wp-content\/uploads\/2025\/06\/Konellis-Schreibtipps_3-Akt-Struktur.pdf\" target=\"_blank\">\n\t\t\t\t\t\t<span class=\"elementor-button-content-wrapper\">\n\t\t\t\t\t\t\t\t\t<span class=\"elementor-button-text\">Download<\/span>\n\t\t\t\t\t<\/span>\n\t\t\t\t\t<\/a>\n\t\t\t\t<\/div>\n\t\t\t\t\t\t\t\t<\/div>\n\t\t\t\t<\/div>\n\t\t\t\t<div class=\"elementor-element elementor-element-a8f1f79 elementor-widget elementor-widget-text-editor\" data-id=\"a8f1f79\" data-element_type=\"widget\" data-e-type=\"widget\" data-widget_type=\"text-editor.default\">\n\t\t\t\t<div class=\"elementor-widget-container\">\n\t\t\t\t\t\t\t\t\t<h3 style=\"text-align: center;\">\u00a0<\/h3><h3 style=\"text-align: center;\"><strong>Charakterbogen zum Ausf\u00fcllen<br \/><\/strong><\/h3>\t\t\t\t\t\t\t\t<\/div>\n\t\t\t\t<\/div>\n\t\t\t\t<div class=\"elementor-element elementor-element-c370050 elementor-align-center elementor-widget elementor-widget-button\" data-id=\"c370050\" data-element_type=\"widget\" data-e-type=\"widget\" data-widget_type=\"button.default\">\n\t\t\t\t<div class=\"elementor-widget-container\">\n\t\t\t\t\t\t\t\t\t<div class=\"elementor-button-wrapper\">\n\t\t\t\t\t<a class=\"elementor-button elementor-button-link elementor-size-sm\" href=\"https:\/\/annakonelli.de\/wp-content\/uploads\/2025\/07\/Konellis-Schreibtipps_Charakterbogen.pdf\" target=\"_blank\">\n\t\t\t\t\t\t<span class=\"elementor-button-content-wrapper\">\n\t\t\t\t\t\t\t\t\t<span class=\"elementor-button-text\">Download<\/span>\n\t\t\t\t\t<\/span>\n\t\t\t\t\t<\/a>\n\t\t\t\t<\/div>\n\t\t\t\t\t\t\t\t<\/div>\n\t\t\t\t<\/div>\n\t\t\t\t<div class=\"elementor-element elementor-element-789d1f8 elementor-widget elementor-widget-text-editor\" data-id=\"789d1f8\" data-element_type=\"widget\" data-e-type=\"widget\" data-widget_type=\"text-editor.default\">\n\t\t\t\t<div class=\"elementor-widget-container\">\n\t\t\t\t\t\t\t\t\t<h3>\u00a0<\/h3><h3 style=\"text-align: center;\"><strong>Fragebogen Betaleser:innen<\/strong><\/h3>\t\t\t\t\t\t\t\t<\/div>\n\t\t\t\t<\/div>\n\t\t\t\t<div class=\"elementor-element elementor-element-4e17822 elementor-align-center elementor-widget elementor-widget-button\" data-id=\"4e17822\" data-element_type=\"widget\" data-e-type=\"widget\" data-widget_type=\"button.default\">\n\t\t\t\t<div class=\"elementor-widget-container\">\n\t\t\t\t\t\t\t\t\t<div class=\"elementor-button-wrapper\">\n\t\t\t\t\t<a class=\"elementor-button elementor-button-link elementor-size-sm\" href=\"https:\/\/annakonelli.de\/wp-content\/uploads\/2026\/04\/Konellis-Schreibtipps-Beta-Bogen.pdf\">\n\t\t\t\t\t\t<span class=\"elementor-button-content-wrapper\">\n\t\t\t\t\t\t\t\t\t<span class=\"elementor-button-text\">Download<\/span>\n\t\t\t\t\t<\/span>\n\t\t\t\t\t<\/a>\n\t\t\t\t<\/div>\n\t\t\t\t\t\t\t\t<\/div>\n\t\t\t\t<\/div>\n\t\t\t\t\t<\/div>\n\t\t<\/div>\n\t\t\t\t\t<\/div>\n\t\t<\/section>\n\t\t\t\t<\/div>\n\t\t","protected":false},"excerpt":{"rendered":"<p>Du brauchst professionelle Hilfe beim Expos\u00e9, ein Manuskriptgutachten oder Lektorat?Hier geht&#8217;s zu meinen Dienstleistungen. Auf meinen Social Media Accounts gebe ich in Videoform Schreibtipps, wie du eine fesselnde und lebendige Geschichte schreibst. Zu manchen Tipps stelle ich Sheets und Frageb\u00f6gen zur Verf\u00fcgung, die du hier herunterladen kannst. Bitte beachte, dass diese nur f\u00fcr deinen privaten &hellip; <\/p>\n<p class=\"link-more\"><a href=\"https:\/\/annakonelli.de\/?page_id=25\" class=\"more-link\"><span class=\"screen-reader-text\">\u201eMeine Schreibtipps\u201c <\/span>weiterlesen<\/a><\/p>\n","protected":false},"author":1,"featured_media":128,"parent":0,"menu_order":0,"comment_status":"closed","ping_status":"closed","template":"","meta":{"footnotes":""},"class_list":["post-25","page","type-page","status-publish","has-post-thumbnail","hentry"],"yoast_head":"<!-- This site is optimized with the Yoast SEO plugin v27.4 - https:\/\/yoast.com\/product\/yoast-seo-wordpress\/ -->\n<title>Meine Schreibtipps - Anna Konelli<\/title>\n<meta name=\"description\" content=\"Schreibtipps gesucht? Du wei\u00dft nicht, wie du mit dem Plotten beginnst, das Expos\u00e9 aufgebaut wird oder Figuren authentisch wirken? Hier lang!\" \/>\n<meta name=\"robots\" content=\"index, follow, max-snippet:-1, max-image-preview:large, max-video-preview:-1\" \/>\n<link rel=\"canonical\" href=\"https:\/\/annakonelli.de\/?page_id=25\" \/>\n<meta property=\"og:locale\" content=\"de_DE\" \/>\n<meta property=\"og:type\" content=\"article\" \/>\n<meta property=\"og:title\" content=\"Meine Schreibtipps - Anna Konelli\" \/>\n<meta property=\"og:description\" content=\"Schreibtipps gesucht? Du wei\u00dft nicht, wie du mit dem Plotten beginnst, das Expos\u00e9 aufgebaut wird oder Figuren authentisch wirken? Hier lang!\" \/>\n<meta property=\"og:url\" content=\"https:\/\/annakonelli.de\/?page_id=25\" \/>\n<meta property=\"og:site_name\" content=\"Anna Konelli\" \/>\n<meta property=\"article:modified_time\" content=\"2026-04-07T13:53:01+00:00\" \/>\n<meta property=\"og:image\" content=\"https:\/\/annakonelli.de\/wp-content\/uploads\/2023\/04\/L4A6058-e1681592542258.jpg\" \/>\n\t<meta property=\"og:image:width\" content=\"1365\" \/>\n\t<meta property=\"og:image:height\" content=\"768\" \/>\n\t<meta property=\"og:image:type\" content=\"image\/jpeg\" \/>\n<meta name=\"twitter:card\" content=\"summary_large_image\" \/>\n<meta name=\"twitter:label1\" content=\"Gesch\u00e4tzte Lesezeit\" \/>\n\t<meta name=\"twitter:data1\" content=\"1\u00a0Minute\" \/>\n<script type=\"application\/ld+json\" class=\"yoast-schema-graph\">{\"@context\":\"https:\\\/\\\/schema.org\",\"@graph\":[{\"@type\":\"WebPage\",\"@id\":\"https:\\\/\\\/annakonelli.de\\\/?page_id=25\",\"url\":\"https:\\\/\\\/annakonelli.de\\\/?page_id=25\",\"name\":\"Meine Schreibtipps - Anna Konelli\",\"isPartOf\":{\"@id\":\"https:\\\/\\\/annakonelli.de\\\/#website\"},\"primaryImageOfPage\":{\"@id\":\"https:\\\/\\\/annakonelli.de\\\/?page_id=25#primaryimage\"},\"image\":{\"@id\":\"https:\\\/\\\/annakonelli.de\\\/?page_id=25#primaryimage\"},\"thumbnailUrl\":\"https:\\\/\\\/annakonelli.de\\\/wp-content\\\/uploads\\\/2023\\\/04\\\/L4A6058-e1681592542258.jpg\",\"datePublished\":\"2023-04-04T07:53:35+00:00\",\"dateModified\":\"2026-04-07T13:53:01+00:00\",\"description\":\"Schreibtipps gesucht? Du wei\u00dft nicht, wie du mit dem Plotten beginnst, das Expos\u00e9 aufgebaut wird oder Figuren authentisch wirken? Hier lang!\",\"breadcrumb\":{\"@id\":\"https:\\\/\\\/annakonelli.de\\\/?page_id=25#breadcrumb\"},\"inLanguage\":\"de\",\"potentialAction\":[{\"@type\":\"ReadAction\",\"target\":[\"https:\\\/\\\/annakonelli.de\\\/?page_id=25\"]}]},{\"@type\":\"ImageObject\",\"inLanguage\":\"de\",\"@id\":\"https:\\\/\\\/annakonelli.de\\\/?page_id=25#primaryimage\",\"url\":\"https:\\\/\\\/annakonelli.de\\\/wp-content\\\/uploads\\\/2023\\\/04\\\/L4A6058-e1681592542258.jpg\",\"contentUrl\":\"https:\\\/\\\/annakonelli.de\\\/wp-content\\\/uploads\\\/2023\\\/04\\\/L4A6058-e1681592542258.jpg\",\"width\":1365,\"height\":768},{\"@type\":\"BreadcrumbList\",\"@id\":\"https:\\\/\\\/annakonelli.de\\\/?page_id=25#breadcrumb\",\"itemListElement\":[{\"@type\":\"ListItem\",\"position\":1,\"name\":\"Startseite\",\"item\":\"https:\\\/\\\/annakonelli.de\\\/\"},{\"@type\":\"ListItem\",\"position\":2,\"name\":\"Meine Schreibtipps\"}]},{\"@type\":\"WebSite\",\"@id\":\"https:\\\/\\\/annakonelli.de\\\/#website\",\"url\":\"https:\\\/\\\/annakonelli.de\\\/\",\"name\":\"Anna Konelli\",\"description\":\"Autorin | gibt Schreibtipps | trinkt Kaffee\",\"potentialAction\":[{\"@type\":\"SearchAction\",\"target\":{\"@type\":\"EntryPoint\",\"urlTemplate\":\"https:\\\/\\\/annakonelli.de\\\/?s={search_term_string}\"},\"query-input\":{\"@type\":\"PropertyValueSpecification\",\"valueRequired\":true,\"valueName\":\"search_term_string\"}}],\"inLanguage\":\"de\"}]}<\/script>\n<!-- \/ Yoast SEO plugin. -->","yoast_head_json":{"title":"Meine Schreibtipps - Anna Konelli","description":"Schreibtipps gesucht? Du wei\u00dft nicht, wie du mit dem Plotten beginnst, das Expos\u00e9 aufgebaut wird oder Figuren authentisch wirken? Hier lang!","robots":{"index":"index","follow":"follow","max-snippet":"max-snippet:-1","max-image-preview":"max-image-preview:large","max-video-preview":"max-video-preview:-1"},"canonical":"https:\/\/annakonelli.de\/?page_id=25","og_locale":"de_DE","og_type":"article","og_title":"Meine Schreibtipps - Anna Konelli","og_description":"Schreibtipps gesucht? Du wei\u00dft nicht, wie du mit dem Plotten beginnst, das Expos\u00e9 aufgebaut wird oder Figuren authentisch wirken? Hier lang!","og_url":"https:\/\/annakonelli.de\/?page_id=25","og_site_name":"Anna Konelli","article_modified_time":"2026-04-07T13:53:01+00:00","og_image":[{"width":1365,"height":768,"url":"https:\/\/annakonelli.de\/wp-content\/uploads\/2023\/04\/L4A6058-e1681592542258.jpg","type":"image\/jpeg"}],"twitter_card":"summary_large_image","twitter_misc":{"Gesch\u00e4tzte Lesezeit":"1\u00a0Minute"},"schema":{"@context":"https:\/\/schema.org","@graph":[{"@type":"WebPage","@id":"https:\/\/annakonelli.de\/?page_id=25","url":"https:\/\/annakonelli.de\/?page_id=25","name":"Meine Schreibtipps - Anna Konelli","isPartOf":{"@id":"https:\/\/annakonelli.de\/#website"},"primaryImageOfPage":{"@id":"https:\/\/annakonelli.de\/?page_id=25#primaryimage"},"image":{"@id":"https:\/\/annakonelli.de\/?page_id=25#primaryimage"},"thumbnailUrl":"https:\/\/annakonelli.de\/wp-content\/uploads\/2023\/04\/L4A6058-e1681592542258.jpg","datePublished":"2023-04-04T07:53:35+00:00","dateModified":"2026-04-07T13:53:01+00:00","description":"Schreibtipps gesucht? Du wei\u00dft nicht, wie du mit dem Plotten beginnst, das Expos\u00e9 aufgebaut wird oder Figuren authentisch wirken? Hier lang!","breadcrumb":{"@id":"https:\/\/annakonelli.de\/?page_id=25#breadcrumb"},"inLanguage":"de","potentialAction":[{"@type":"ReadAction","target":["https:\/\/annakonelli.de\/?page_id=25"]}]},{"@type":"ImageObject","inLanguage":"de","@id":"https:\/\/annakonelli.de\/?page_id=25#primaryimage","url":"https:\/\/annakonelli.de\/wp-content\/uploads\/2023\/04\/L4A6058-e1681592542258.jpg","contentUrl":"https:\/\/annakonelli.de\/wp-content\/uploads\/2023\/04\/L4A6058-e1681592542258.jpg","width":1365,"height":768},{"@type":"BreadcrumbList","@id":"https:\/\/annakonelli.de\/?page_id=25#breadcrumb","itemListElement":[{"@type":"ListItem","position":1,"name":"Startseite","item":"https:\/\/annakonelli.de\/"},{"@type":"ListItem","position":2,"name":"Meine Schreibtipps"}]},{"@type":"WebSite","@id":"https:\/\/annakonelli.de\/#website","url":"https:\/\/annakonelli.de\/","name":"Anna Konelli","description":"Autorin | gibt Schreibtipps | trinkt Kaffee","potentialAction":[{"@type":"SearchAction","target":{"@type":"EntryPoint","urlTemplate":"https:\/\/annakonelli.de\/?s={search_term_string}"},"query-input":{"@type":"PropertyValueSpecification","valueRequired":true,"valueName":"search_term_string"}}],"inLanguage":"de"}]}},"_links":{"self":[{"href":"https:\/\/annakonelli.de\/index.php?rest_route=\/wp\/v2\/pages\/25","targetHints":{"allow":["GET"]}}],"collection":[{"href":"https:\/\/annakonelli.de\/index.php?rest_route=\/wp\/v2\/pages"}],"about":[{"href":"https:\/\/annakonelli.de\/index.php?rest_route=\/wp\/v2\/types\/page"}],"author":[{"embeddable":true,"href":"https:\/\/annakonelli.de\/index.php?rest_route=\/wp\/v2\/users\/1"}],"replies":[{"embeddable":true,"href":"https:\/\/annakonelli.de\/index.php?rest_route=%2Fwp%2Fv2%2Fcomments&post=25"}],"version-history":[{"count":32,"href":"https:\/\/annakonelli.de\/index.php?rest_route=\/wp\/v2\/pages\/25\/revisions"}],"predecessor-version":[{"id":1094,"href":"https:\/\/annakonelli.de\/index.php?rest_route=\/wp\/v2\/pages\/25\/revisions\/1094"}],"wp:featuredmedia":[{"embeddable":true,"href":"https:\/\/annakonelli.de\/index.php?rest_route=\/wp\/v2\/media\/128"}],"wp:attachment":[{"href":"https:\/\/annakonelli.de\/index.php?rest_route=%2Fwp%2Fv2%2Fmedia&parent=25"}],"curies":[{"name":"wp","href":"https:\/\/api.w.org\/{rel}","templated":true}]}}