{"id":22,"date":"2023-04-04T07:45:22","date_gmt":"2023-04-04T07:45:22","guid":{"rendered":"http:\/\/annakonelli.de\/?page_id=22"},"modified":"2024-01-04T11:17:46","modified_gmt":"2024-01-04T11:17:46","slug":"trunken-vor-worten","status":"publish","type":"page","link":"https:\/\/annakonelli.de\/?page_id=22","title":{"rendered":"\u00bbTrunken vor Worten\u00ab Podcast"},"content":{"rendered":"\n<p><mark style=\"background-color:rgba(0, 0, 0, 0);color:#50855a\" class=\"has-inline-color\"><strong>Der B\u00fccher- und Schreibpodcast!<\/strong><\/mark><mark style=\"background-color:rgba(0, 0, 0, 0)\" class=\"has-inline-color has-black-color\"> <\/mark><em><mark style=\"background-color:rgba(0, 0, 0, 0);color:#50855a\" class=\"has-inline-color\"><strong>Zwei passionierte Autorinnen reden dar\u00fcber, was die Buch- und Schreibcommunity umtreibt \u2013 mit W\u00f6rtern, Wein und Witz.<\/strong><\/mark><\/em><\/p>\n\n\n\n<p>Ob du <a href=\"https:\/\/annakonelli.de\/?page_id=25\">Schreibtipps<\/a> brauchst, weil du gerade deine erste Buchidee hast; nicht wei\u00dft, wo du bei einem Expos\u00e9 beginnen sollst; die B\u00fcchercommunity und ihre Eigen- und Einzigartigkeit besser kennenlernen willst oder spannende Interviews mit Marina Neumeier, Jessica Amankona uvm. lauschen m\u00f6chtest \u2013 dieser B\u00fccher- und Schreibpodcast hat das alles f\u00fcr dich!<\/p>\n\n\n\n<p>Als Kolleginnen und Freundinnen \u2013 also Frolleginnen \u2013 haben wir besonders gro\u00dfe Freude an diesem Podcast, in dem wir \u00fcber das reden, was wir lieben: B\u00fccher!<\/p>\n\n\n\n<p>Dabei wechseln wir zwischen informativen und Entertainment Kapiteln, wobei es auch immer mal ein Infotainment Kapitel gibt, denn die richtige Mischung macht`s. <\/p>\n\n\n\n<p>Solltest du Themenw\u00fcnsche haben, schreib Jenny oder mir gerne via Mail oder Social Media, denn wir freuen uns immer \u00fcber Anregungen f\u00fcr unseren Podcast.<\/p>\n\n\n\n<p>Damit du kein Kapitel verpasst, folg \u00bbTrunken vor Worten\u00ab gerne auf:<br><a href=\"https:\/\/www.instagram.com\/trunkenvorworten\/\">Insta<\/a><br><a href=\"https:\/\/www.tiktok.com\/@trunkenvorworten.podcast?is_from_webapp=1&amp;sender_device=pc\">TikTok<\/a><br><a href=\"https:\/\/open.spotify.com\/show\/0xWuZIWQNCjjOseIH4tPK2?si=8504ffa0e4a14af5\">Spotify<\/a><\/p>\n","protected":false},"excerpt":{"rendered":"<p>Der B\u00fccher- und Schreibpodcast! Zwei passionierte Autorinnen reden dar\u00fcber, was die Buch- und Schreibcommunity umtreibt \u2013 mit W\u00f6rtern, Wein und Witz. Ob du Schreibtipps brauchst, weil du gerade deine erste Buchidee hast; nicht wei\u00dft, wo du bei einem Expos\u00e9 beginnen sollst; die B\u00fcchercommunity und ihre Eigen- und Einzigartigkeit besser kennenlernen willst oder spannende Interviews mit &hellip; <\/p>\n<p class=\"link-more\"><a href=\"https:\/\/annakonelli.de\/?page_id=22\" class=\"more-link\"><span class=\"screen-reader-text\">\u201e\u00bbTrunken vor Worten\u00ab Podcast\u201c <\/span>weiterlesen<\/a><\/p>\n","protected":false},"author":1,"featured_media":24,"parent":0,"menu_order":0,"comment_status":"closed","ping_status":"closed","template":"","meta":{"footnotes":""},"class_list":["post-22","page","type-page","status-publish","has-post-thumbnail","hentry"],"yoast_head":"<!-- This site is optimized with the Yoast SEO plugin v27.4 - https:\/\/yoast.com\/product\/yoast-seo-wordpress\/ -->\n<title>\u00bbTrunken vor Worten\u00ab Podcast - B\u00fccher- und Schreibpodcast - Anna Konelli<\/title>\n<meta name=\"description\" content=\"\u00bbTrunken vor Worten\u00ab ist der B\u00fccher- und Schreibpodcast, bei dem du lachend etwas lernst. Denn wir legen Wert auf W\u00f6rter, Wein und Witz \u2026\" \/>\n<meta name=\"robots\" content=\"index, follow, max-snippet:-1, max-image-preview:large, max-video-preview:-1\" \/>\n<link rel=\"canonical\" href=\"https:\/\/annakonelli.de\/?page_id=22\" \/>\n<meta property=\"og:locale\" content=\"de_DE\" \/>\n<meta property=\"og:type\" content=\"article\" \/>\n<meta property=\"og:title\" content=\"\u00bbTrunken vor Worten\u00ab Podcast - B\u00fccher- und Schreibpodcast - Anna Konelli\" \/>\n<meta property=\"og:description\" content=\"\u00bbTrunken vor Worten\u00ab ist der B\u00fccher- und Schreibpodcast, bei dem du lachend etwas lernst. Denn wir legen Wert auf W\u00f6rter, Wein und Witz \u2026\" \/>\n<meta property=\"og:url\" content=\"https:\/\/annakonelli.de\/?page_id=22\" \/>\n<meta property=\"og:site_name\" content=\"Anna Konelli\" \/>\n<meta property=\"article:modified_time\" content=\"2024-01-04T11:17:46+00:00\" \/>\n<meta property=\"og:image\" content=\"https:\/\/annakonelli.de\/wp-content\/uploads\/2023\/04\/L4A6163-e1681590054549.jpg\" \/>\n\t<meta property=\"og:image:width\" content=\"1372\" \/>\n\t<meta property=\"og:image:height\" content=\"931\" \/>\n\t<meta property=\"og:image:type\" content=\"image\/jpeg\" \/>\n<meta name=\"twitter:card\" content=\"summary_large_image\" \/>\n<meta name=\"twitter:label1\" content=\"Gesch\u00e4tzte Lesezeit\" \/>\n\t<meta name=\"twitter:data1\" content=\"2\u00a0Minuten\" \/>\n<script type=\"application\/ld+json\" class=\"yoast-schema-graph\">{\"@context\":\"https:\\\/\\\/schema.org\",\"@graph\":[{\"@type\":\"WebPage\",\"@id\":\"https:\\\/\\\/annakonelli.de\\\/?page_id=22\",\"url\":\"https:\\\/\\\/annakonelli.de\\\/?page_id=22\",\"name\":\"\u00bbTrunken vor Worten\u00ab Podcast - B\u00fccher- und Schreibpodcast - Anna Konelli\",\"isPartOf\":{\"@id\":\"https:\\\/\\\/annakonelli.de\\\/#website\"},\"primaryImageOfPage\":{\"@id\":\"https:\\\/\\\/annakonelli.de\\\/?page_id=22#primaryimage\"},\"image\":{\"@id\":\"https:\\\/\\\/annakonelli.de\\\/?page_id=22#primaryimage\"},\"thumbnailUrl\":\"https:\\\/\\\/annakonelli.de\\\/wp-content\\\/uploads\\\/2023\\\/04\\\/L4A6163-e1681590054549.jpg\",\"datePublished\":\"2023-04-04T07:45:22+00:00\",\"dateModified\":\"2024-01-04T11:17:46+00:00\",\"description\":\"\u00bbTrunken vor Worten\u00ab ist der B\u00fccher- und Schreibpodcast, bei dem du lachend etwas lernst. Denn wir legen Wert auf W\u00f6rter, Wein und Witz \u2026\",\"breadcrumb\":{\"@id\":\"https:\\\/\\\/annakonelli.de\\\/?page_id=22#breadcrumb\"},\"inLanguage\":\"de\",\"potentialAction\":[{\"@type\":\"ReadAction\",\"target\":[\"https:\\\/\\\/annakonelli.de\\\/?page_id=22\"]}]},{\"@type\":\"ImageObject\",\"inLanguage\":\"de\",\"@id\":\"https:\\\/\\\/annakonelli.de\\\/?page_id=22#primaryimage\",\"url\":\"https:\\\/\\\/annakonelli.de\\\/wp-content\\\/uploads\\\/2023\\\/04\\\/L4A6163-e1681590054549.jpg\",\"contentUrl\":\"https:\\\/\\\/annakonelli.de\\\/wp-content\\\/uploads\\\/2023\\\/04\\\/L4A6163-e1681590054549.jpg\",\"width\":1372,\"height\":931,\"caption\":\"Trunken vor Worten Podcast\"},{\"@type\":\"BreadcrumbList\",\"@id\":\"https:\\\/\\\/annakonelli.de\\\/?page_id=22#breadcrumb\",\"itemListElement\":[{\"@type\":\"ListItem\",\"position\":1,\"name\":\"Startseite\",\"item\":\"https:\\\/\\\/annakonelli.de\\\/\"},{\"@type\":\"ListItem\",\"position\":2,\"name\":\"\u00bbTrunken vor Worten\u00ab Podcast\"}]},{\"@type\":\"WebSite\",\"@id\":\"https:\\\/\\\/annakonelli.de\\\/#website\",\"url\":\"https:\\\/\\\/annakonelli.de\\\/\",\"name\":\"Anna Konelli\",\"description\":\"Autorin | gibt Schreibtipps | trinkt Kaffee\",\"potentialAction\":[{\"@type\":\"SearchAction\",\"target\":{\"@type\":\"EntryPoint\",\"urlTemplate\":\"https:\\\/\\\/annakonelli.de\\\/?s={search_term_string}\"},\"query-input\":{\"@type\":\"PropertyValueSpecification\",\"valueRequired\":true,\"valueName\":\"search_term_string\"}}],\"inLanguage\":\"de\"}]}<\/script>\n<!-- \/ Yoast SEO plugin. -->","yoast_head_json":{"title":"\u00bbTrunken vor Worten\u00ab Podcast - B\u00fccher- und Schreibpodcast - Anna Konelli","description":"\u00bbTrunken vor Worten\u00ab ist der B\u00fccher- und Schreibpodcast, bei dem du lachend etwas lernst. Denn wir legen Wert auf W\u00f6rter, Wein und Witz \u2026","robots":{"index":"index","follow":"follow","max-snippet":"max-snippet:-1","max-image-preview":"max-image-preview:large","max-video-preview":"max-video-preview:-1"},"canonical":"https:\/\/annakonelli.de\/?page_id=22","og_locale":"de_DE","og_type":"article","og_title":"\u00bbTrunken vor Worten\u00ab Podcast - B\u00fccher- und Schreibpodcast - Anna Konelli","og_description":"\u00bbTrunken vor Worten\u00ab ist der B\u00fccher- und Schreibpodcast, bei dem du lachend etwas lernst. Denn wir legen Wert auf W\u00f6rter, Wein und Witz \u2026","og_url":"https:\/\/annakonelli.de\/?page_id=22","og_site_name":"Anna Konelli","article_modified_time":"2024-01-04T11:17:46+00:00","og_image":[{"width":1372,"height":931,"url":"https:\/\/annakonelli.de\/wp-content\/uploads\/2023\/04\/L4A6163-e1681590054549.jpg","type":"image\/jpeg"}],"twitter_card":"summary_large_image","twitter_misc":{"Gesch\u00e4tzte Lesezeit":"2\u00a0Minuten"},"schema":{"@context":"https:\/\/schema.org","@graph":[{"@type":"WebPage","@id":"https:\/\/annakonelli.de\/?page_id=22","url":"https:\/\/annakonelli.de\/?page_id=22","name":"\u00bbTrunken vor Worten\u00ab Podcast - B\u00fccher- und Schreibpodcast - Anna Konelli","isPartOf":{"@id":"https:\/\/annakonelli.de\/#website"},"primaryImageOfPage":{"@id":"https:\/\/annakonelli.de\/?page_id=22#primaryimage"},"image":{"@id":"https:\/\/annakonelli.de\/?page_id=22#primaryimage"},"thumbnailUrl":"https:\/\/annakonelli.de\/wp-content\/uploads\/2023\/04\/L4A6163-e1681590054549.jpg","datePublished":"2023-04-04T07:45:22+00:00","dateModified":"2024-01-04T11:17:46+00:00","description":"\u00bbTrunken vor Worten\u00ab ist der B\u00fccher- und Schreibpodcast, bei dem du lachend etwas lernst. Denn wir legen Wert auf W\u00f6rter, Wein und Witz \u2026","breadcrumb":{"@id":"https:\/\/annakonelli.de\/?page_id=22#breadcrumb"},"inLanguage":"de","potentialAction":[{"@type":"ReadAction","target":["https:\/\/annakonelli.de\/?page_id=22"]}]},{"@type":"ImageObject","inLanguage":"de","@id":"https:\/\/annakonelli.de\/?page_id=22#primaryimage","url":"https:\/\/annakonelli.de\/wp-content\/uploads\/2023\/04\/L4A6163-e1681590054549.jpg","contentUrl":"https:\/\/annakonelli.de\/wp-content\/uploads\/2023\/04\/L4A6163-e1681590054549.jpg","width":1372,"height":931,"caption":"Trunken vor Worten Podcast"},{"@type":"BreadcrumbList","@id":"https:\/\/annakonelli.de\/?page_id=22#breadcrumb","itemListElement":[{"@type":"ListItem","position":1,"name":"Startseite","item":"https:\/\/annakonelli.de\/"},{"@type":"ListItem","position":2,"name":"\u00bbTrunken vor Worten\u00ab Podcast"}]},{"@type":"WebSite","@id":"https:\/\/annakonelli.de\/#website","url":"https:\/\/annakonelli.de\/","name":"Anna Konelli","description":"Autorin | gibt Schreibtipps | trinkt Kaffee","potentialAction":[{"@type":"SearchAction","target":{"@type":"EntryPoint","urlTemplate":"https:\/\/annakonelli.de\/?s={search_term_string}"},"query-input":{"@type":"PropertyValueSpecification","valueRequired":true,"valueName":"search_term_string"}}],"inLanguage":"de"}]}},"_links":{"self":[{"href":"https:\/\/annakonelli.de\/index.php?rest_route=\/wp\/v2\/pages\/22","targetHints":{"allow":["GET"]}}],"collection":[{"href":"https:\/\/annakonelli.de\/index.php?rest_route=\/wp\/v2\/pages"}],"about":[{"href":"https:\/\/annakonelli.de\/index.php?rest_route=\/wp\/v2\/types\/page"}],"author":[{"embeddable":true,"href":"https:\/\/annakonelli.de\/index.php?rest_route=\/wp\/v2\/users\/1"}],"replies":[{"embeddable":true,"href":"https:\/\/annakonelli.de\/index.php?rest_route=%2Fwp%2Fv2%2Fcomments&post=22"}],"version-history":[{"count":6,"href":"https:\/\/annakonelli.de\/index.php?rest_route=\/wp\/v2\/pages\/22\/revisions"}],"predecessor-version":[{"id":311,"href":"https:\/\/annakonelli.de\/index.php?rest_route=\/wp\/v2\/pages\/22\/revisions\/311"}],"wp:featuredmedia":[{"embeddable":true,"href":"https:\/\/annakonelli.de\/index.php?rest_route=\/wp\/v2\/media\/24"}],"wp:attachment":[{"href":"https:\/\/annakonelli.de\/index.php?rest_route=%2Fwp%2Fv2%2Fmedia&parent=22"}],"curies":[{"name":"wp","href":"https:\/\/api.w.org\/{rel}","templated":true}]}}