{"id":179,"date":"2023-06-26T13:57:51","date_gmt":"2023-06-26T13:57:51","guid":{"rendered":"http:\/\/annakonelli.de\/?page_id=179"},"modified":"2026-02-24T18:54:22","modified_gmt":"2026-02-24T18:54:22","slug":"impressum","status":"publish","type":"page","link":"https:\/\/annakonelli.de\/?page_id=179","title":{"rendered":"Impressum"},"content":{"rendered":"\n<p><br><strong>Angaben gem\u00e4\u00df \u00a7 5 TMG:<\/strong><br><\/p>\n\n\n\n<p>Ebbinghaus &amp; D\u00f6ling eda GbR<br>Robert-Bosch-Stra\u00dfe 12, 42477 Radevormwald<\/p>\n\n\n\n<p><br>E-Mail: mail@annakonelli.de<br>annakonelli.de<\/p>\n\n\n\n<p><strong>Inhaltlich verantwortlich gem\u00e4\u00df \u00a7 55 Abs. 2 RStV<\/strong><br>Anna Konelli<\/p>\n\n\n\n<p><strong>Haftungsausschluss<\/strong><br>Diese Webseite enth\u00e4lt Links zu externen Webseiten Dritter, auf deren Inhalte der Inhaber dieser Seite keinen Einfluss hat. Deshalb kann f\u00fcr diese fremden Inhalte keine Gew\u00e4hr \u00fcbernommen werden. F\u00fcr die Inhalte der verlinkten Seiten ist stets der jeweilige Anbieter oder Betreiber der Seiten verantwortlich. Die verlinkten Seiten wurden zum Zeitpunkt der Verlinkung auf m\u00f6gliche Rechtsverst\u00f6\u00dfe \u00fcberpr\u00fcft. Rechtswidrige Inhalte waren zum Zeitpunkt der Verlinkung nicht erkennbar. Eine permanente inhaltliche Kontrolle der verlinkten Seiten ist jedoch ohne konkrete Anhaltspunkte einer Rechtsverletzung nicht zumutbar. Bei Bekanntwerden von Rechtsverletzungen werden derartige Links umgehend entfernt.<\/p>\n\n\n\n<p><strong>Urheberrecht<\/strong><br>Die durch die Seitenbetreiber erstellten Inhalte und Werke auf diesen Seiten unterliegen dem deutschen Urheberrecht. Die Vervielf\u00e4ltigung, Bearbeitung, Verbreitung und jede Art der Verwertung au\u00dferhalb der Grenzen des Urheberrechtes bed\u00fcrfen der schriftlichen Zustimmung des jeweiligen Autors bzw. Erstellers. Downloads und Kopien dieser Seite sind nur f\u00fcr den privaten, nicht kommerziellen Gebrauch gestattet. Soweit die Inhalte auf dieser Seite nicht vom Betreiber erstellt wurden, werden die Urheberrechte Dritter beachtet. Insbesondere werden Inhalte Dritter als solche gekennzeichnet. Sollten Sie trotzdem auf eine Urheberrechtsverletzung aufmerksam werden, bitte ich um einen entsprechenden Hinweis. Bei Bekanntwerden von Rechtsverletzungen werden derartige Inhalte umgehend entfernt.<\/p>\n\n\n\n<p><strong>Verbraucherstreitbeilegung \/ Universalschlichtungsstelle<\/strong><br>Ich bin nicht bereit oder verpflichtet, an Streitbeilegungsverfahren vor einer Verbraucherschlichtungsstelle teilzunehmen.<\/p>\n\n\n\n<p>Berufsbezeichnung: Autorin<\/p>\n\n\n\n<p><\/p>\n\n\n<div class=\"woocommerce woocommerce-gzd woocommerce-gzd-complaints-shortcode\">\n\t\t\t<h3>Alternative Streitbeilegung gem\u00e4\u00df Art. 14 Abs. 1 ODR-VO und \u00a7 36 VSBG:<\/h3>\n\t\nZur Teilnahme an einem Streitbeilegungsverfahren vor einer Verbraucherschlichtungsstelle sind wir nicht verpflichtet und nicht bereit.<\/div>","protected":false},"excerpt":{"rendered":"<p>Angaben gem\u00e4\u00df \u00a7 5 TMG: Ebbinghaus &amp; D\u00f6ling eda GbRRobert-Bosch-Stra\u00dfe 12, 42477 Radevormwald E-Mail: mail@annakonelli.deannakonelli.de Inhaltlich verantwortlich gem\u00e4\u00df \u00a7 55 Abs. 2 RStVAnna Konelli HaftungsausschlussDiese Webseite enth\u00e4lt Links zu externen Webseiten Dritter, auf deren Inhalte der Inhaber dieser Seite keinen Einfluss hat. Deshalb kann f\u00fcr diese fremden Inhalte keine Gew\u00e4hr \u00fcbernommen werden. F\u00fcr die Inhalte &hellip; <\/p>\n<p class=\"link-more\"><a href=\"https:\/\/annakonelli.de\/?page_id=179\" class=\"more-link\"><span class=\"screen-reader-text\">\u201eImpressum\u201c <\/span>weiterlesen<\/a><\/p>\n","protected":false},"author":1,"featured_media":0,"parent":62,"menu_order":0,"comment_status":"closed","ping_status":"closed","template":"","meta":{"footnotes":""},"class_list":["post-179","page","type-page","status-publish","hentry"],"yoast_head":"<!-- This site is optimized with the Yoast SEO plugin v27.3 - https:\/\/yoast.com\/product\/yoast-seo-wordpress\/ -->\n<title>Impressum - Anna Konelli<\/title>\n<meta name=\"robots\" content=\"index, follow, max-snippet:-1, max-image-preview:large, max-video-preview:-1\" \/>\n<link rel=\"canonical\" href=\"https:\/\/annakonelli.de\/?page_id=179\" \/>\n<meta property=\"og:locale\" content=\"de_DE\" \/>\n<meta property=\"og:type\" content=\"article\" \/>\n<meta property=\"og:title\" content=\"Impressum - Anna Konelli\" \/>\n<meta property=\"og:description\" content=\"Angaben gem\u00e4\u00df \u00a7 5 TMG: Ebbinghaus &amp; D\u00f6ling eda GbRRobert-Bosch-Stra\u00dfe 12, 42477 Radevormwald E-Mail: mail@annakonelli.deannakonelli.de Inhaltlich verantwortlich gem\u00e4\u00df \u00a7 55 Abs. 2 RStVAnna Konelli HaftungsausschlussDiese Webseite enth\u00e4lt Links zu externen Webseiten Dritter, auf deren Inhalte der Inhaber dieser Seite keinen Einfluss hat. Deshalb kann f\u00fcr diese fremden Inhalte keine Gew\u00e4hr \u00fcbernommen werden. F\u00fcr die Inhalte &hellip; \u201eImpressum\u201c weiterlesen\" \/>\n<meta property=\"og:url\" content=\"https:\/\/annakonelli.de\/?page_id=179\" \/>\n<meta property=\"og:site_name\" content=\"Anna Konelli\" \/>\n<meta property=\"article:modified_time\" content=\"2026-02-24T18:54:22+00:00\" \/>\n<meta name=\"twitter:card\" content=\"summary_large_image\" \/>\n<meta name=\"twitter:label1\" content=\"Gesch\u00e4tzte Lesezeit\" \/>\n\t<meta name=\"twitter:data1\" content=\"2\u00a0Minuten\" \/>\n<script type=\"application\/ld+json\" class=\"yoast-schema-graph\">{\"@context\":\"https:\\\/\\\/schema.org\",\"@graph\":[{\"@type\":\"WebPage\",\"@id\":\"https:\\\/\\\/annakonelli.de\\\/?page_id=179\",\"url\":\"https:\\\/\\\/annakonelli.de\\\/?page_id=179\",\"name\":\"Impressum - Anna Konelli\",\"isPartOf\":{\"@id\":\"https:\\\/\\\/annakonelli.de\\\/#website\"},\"datePublished\":\"2023-06-26T13:57:51+00:00\",\"dateModified\":\"2026-02-24T18:54:22+00:00\",\"breadcrumb\":{\"@id\":\"https:\\\/\\\/annakonelli.de\\\/?page_id=179#breadcrumb\"},\"inLanguage\":\"de\",\"potentialAction\":[{\"@type\":\"ReadAction\",\"target\":[\"https:\\\/\\\/annakonelli.de\\\/?page_id=179\"]}]},{\"@type\":\"BreadcrumbList\",\"@id\":\"https:\\\/\\\/annakonelli.de\\\/?page_id=179#breadcrumb\",\"itemListElement\":[{\"@type\":\"ListItem\",\"position\":1,\"name\":\"Startseite\",\"item\":\"https:\\\/\\\/annakonelli.de\\\/\"},{\"@type\":\"ListItem\",\"position\":2,\"name\":\"Startseite\",\"item\":\"https:\\\/\\\/annakonelli.de\\\/?page_id=62\"},{\"@type\":\"ListItem\",\"position\":3,\"name\":\"Impressum\"}]},{\"@type\":\"WebSite\",\"@id\":\"https:\\\/\\\/annakonelli.de\\\/#website\",\"url\":\"https:\\\/\\\/annakonelli.de\\\/\",\"name\":\"Anna Konelli\",\"description\":\"Autorin | gibt Schreibtipps | trinkt Kaffee\",\"potentialAction\":[{\"@type\":\"SearchAction\",\"target\":{\"@type\":\"EntryPoint\",\"urlTemplate\":\"https:\\\/\\\/annakonelli.de\\\/?s={search_term_string}\"},\"query-input\":{\"@type\":\"PropertyValueSpecification\",\"valueRequired\":true,\"valueName\":\"search_term_string\"}}],\"inLanguage\":\"de\"}]}<\/script>\n<!-- \/ Yoast SEO plugin. -->","yoast_head_json":{"title":"Impressum - Anna Konelli","robots":{"index":"index","follow":"follow","max-snippet":"max-snippet:-1","max-image-preview":"max-image-preview:large","max-video-preview":"max-video-preview:-1"},"canonical":"https:\/\/annakonelli.de\/?page_id=179","og_locale":"de_DE","og_type":"article","og_title":"Impressum - Anna Konelli","og_description":"Angaben gem\u00e4\u00df \u00a7 5 TMG: Ebbinghaus &amp; D\u00f6ling eda GbRRobert-Bosch-Stra\u00dfe 12, 42477 Radevormwald E-Mail: mail@annakonelli.deannakonelli.de Inhaltlich verantwortlich gem\u00e4\u00df \u00a7 55 Abs. 2 RStVAnna Konelli HaftungsausschlussDiese Webseite enth\u00e4lt Links zu externen Webseiten Dritter, auf deren Inhalte der Inhaber dieser Seite keinen Einfluss hat. Deshalb kann f\u00fcr diese fremden Inhalte keine Gew\u00e4hr \u00fcbernommen werden. F\u00fcr die Inhalte &hellip; \u201eImpressum\u201c weiterlesen","og_url":"https:\/\/annakonelli.de\/?page_id=179","og_site_name":"Anna Konelli","article_modified_time":"2026-02-24T18:54:22+00:00","twitter_card":"summary_large_image","twitter_misc":{"Gesch\u00e4tzte Lesezeit":"2\u00a0Minuten"},"schema":{"@context":"https:\/\/schema.org","@graph":[{"@type":"WebPage","@id":"https:\/\/annakonelli.de\/?page_id=179","url":"https:\/\/annakonelli.de\/?page_id=179","name":"Impressum - Anna Konelli","isPartOf":{"@id":"https:\/\/annakonelli.de\/#website"},"datePublished":"2023-06-26T13:57:51+00:00","dateModified":"2026-02-24T18:54:22+00:00","breadcrumb":{"@id":"https:\/\/annakonelli.de\/?page_id=179#breadcrumb"},"inLanguage":"de","potentialAction":[{"@type":"ReadAction","target":["https:\/\/annakonelli.de\/?page_id=179"]}]},{"@type":"BreadcrumbList","@id":"https:\/\/annakonelli.de\/?page_id=179#breadcrumb","itemListElement":[{"@type":"ListItem","position":1,"name":"Startseite","item":"https:\/\/annakonelli.de\/"},{"@type":"ListItem","position":2,"name":"Startseite","item":"https:\/\/annakonelli.de\/?page_id=62"},{"@type":"ListItem","position":3,"name":"Impressum"}]},{"@type":"WebSite","@id":"https:\/\/annakonelli.de\/#website","url":"https:\/\/annakonelli.de\/","name":"Anna Konelli","description":"Autorin | gibt Schreibtipps | trinkt Kaffee","potentialAction":[{"@type":"SearchAction","target":{"@type":"EntryPoint","urlTemplate":"https:\/\/annakonelli.de\/?s={search_term_string}"},"query-input":{"@type":"PropertyValueSpecification","valueRequired":true,"valueName":"search_term_string"}}],"inLanguage":"de"}]}},"_links":{"self":[{"href":"https:\/\/annakonelli.de\/index.php?rest_route=\/wp\/v2\/pages\/179","targetHints":{"allow":["GET"]}}],"collection":[{"href":"https:\/\/annakonelli.de\/index.php?rest_route=\/wp\/v2\/pages"}],"about":[{"href":"https:\/\/annakonelli.de\/index.php?rest_route=\/wp\/v2\/types\/page"}],"author":[{"embeddable":true,"href":"https:\/\/annakonelli.de\/index.php?rest_route=\/wp\/v2\/users\/1"}],"replies":[{"embeddable":true,"href":"https:\/\/annakonelli.de\/index.php?rest_route=%2Fwp%2Fv2%2Fcomments&post=179"}],"version-history":[{"count":5,"href":"https:\/\/annakonelli.de\/index.php?rest_route=\/wp\/v2\/pages\/179\/revisions"}],"predecessor-version":[{"id":1084,"href":"https:\/\/annakonelli.de\/index.php?rest_route=\/wp\/v2\/pages\/179\/revisions\/1084"}],"up":[{"embeddable":true,"href":"https:\/\/annakonelli.de\/index.php?rest_route=\/wp\/v2\/pages\/62"}],"wp:attachment":[{"href":"https:\/\/annakonelli.de\/index.php?rest_route=%2Fwp%2Fv2%2Fmedia&parent=179"}],"curies":[{"name":"wp","href":"https:\/\/api.w.org\/{rel}","templated":true}]}}