{"id":15,"date":"2023-04-04T07:39:57","date_gmt":"2023-04-04T07:39:57","guid":{"rendered":"http:\/\/annakonelli.de\/?page_id=15"},"modified":"2024-11-20T13:57:47","modified_gmt":"2024-11-20T13:57:47","slug":"die-autorin","status":"publish","type":"page","link":"https:\/\/annakonelli.de\/","title":{"rendered":"Meine B\u00fccher"},"content":{"rendered":"\t\t<div data-elementor-type=\"wp-page\" data-elementor-id=\"15\" class=\"elementor elementor-15\" data-elementor-post-type=\"page\">\n\t\t\t\t\t\t<section class=\"elementor-section elementor-top-section elementor-element elementor-element-311b82c9 elementor-section-boxed elementor-section-height-default elementor-section-height-default\" data-id=\"311b82c9\" data-element_type=\"section\" data-e-type=\"section\">\n\t\t\t\t\t\t<div class=\"elementor-container elementor-column-gap-default\">\n\t\t\t\t\t<div class=\"elementor-column elementor-col-100 elementor-top-column elementor-element elementor-element-2790159b\" data-id=\"2790159b\" data-element_type=\"column\" data-e-type=\"column\">\n\t\t\t<div class=\"elementor-widget-wrap elementor-element-populated\">\n\t\t\t\t\t\t<div class=\"elementor-element elementor-element-67f9ad86 elementor-widget elementor-widget-text-editor\" data-id=\"67f9ad86\" data-element_type=\"widget\" data-e-type=\"widget\" data-widget_type=\"text-editor.default\">\n\t\t\t\t<div class=\"elementor-widget-container\">\n\t\t\t\t\t\t\t\t\t<p><\/p>\n<h3><span style=\"color: #50855a;\"><strong>INFO: Diese Seite befindet sich gerade im Neuaufbau. Meine Dienstleistungen sind alle auf dem neuesten Stand.<\/strong><\/span><\/h3>\n<p>Hallo, ich bin Anna &#8211; bekannt als Die Konelli &#8211; und schreibe B\u00fccher. Von Romance \u00fcber Dystopie oder Horror bis Fantasy, wobei mir gesellschaftskritische Themen, tiefgr\u00fcndige Figuren und tragische Wendungen besonders am Herzen liegen. Worte sind ein wunderbarer Weg, Emotionen zu kreieren und auszul\u00f6sen, weshalb ich meine mit Herz und Seele in die Welt hinausschicke. Als Hybridautorin (Selfpublishing und Verlag) habe ich 5 B\u00fccher ver\u00f6ffentlicht, und <strong>das sechste Buch (Ages of Chaos 1) ist in Arbeit und erscheint 2024<\/strong>.<\/p>\n<p><a href=\"https:\/\/annakonelli.de\/?page_id=93\">Die Lovely Dilogie<\/a><br \/><a href=\"https:\/\/annakonelli.de\/?page_id=96\">Bee My Humble Love<\/a><br \/><a href=\"https:\/\/annakonelli.de\/?page_id=99\">Red River Lane<\/a><br \/><a href=\"https:\/\/annakonelli.de\/?page_id=102\">Ages of Chaos Dilogie<\/a> (bald vorbestellbar)<\/p>\n<p>Meine B\u00fccher kannst du \u00fcberall im Buchhandel kaufen. Bald wird es auch die M\u00f6glichkeit geben, in meinem Shop signierte Exemplare zu bestellen. Bis dahin schreib mir deswegen gern via Social Media oder <a href=\"mailto: mail@annakonelli.de\">Mail<\/a>.<\/p>\n<p><\/p>\n<div>In dieser \u00bbTrunken vor Worten\u00ab Podcastfolge geht es um meine Romance Dystopie Lovely Faces.<\/div>\n<div>\u00a0<\/div>\n<p><iframe style=\"border-radius: 12px;\" src=\"https:\/\/open.spotify.com\/embed\/episode\/0dTPbHx82G7CSM8a36xdNR?utm_source=generator\" width=\"100%\" height=\"152\" frameborder=\"0\" allowfullscreen=\"allowfullscreen\"><\/iframe><\/p>\t\t\t\t\t\t\t\t<\/div>\n\t\t\t\t<\/div>\n\t\t\t\t\t<\/div>\n\t\t<\/div>\n\t\t\t\t\t<\/div>\n\t\t<\/section>\n\t\t\t\t<\/div>\n\t\t","protected":false},"excerpt":{"rendered":"<p>INFO: Diese Seite befindet sich gerade im Neuaufbau. Meine Dienstleistungen sind alle auf dem neuesten Stand. Hallo, ich bin Anna &#8211; bekannt als Die Konelli &#8211; und schreibe B\u00fccher. Von Romance \u00fcber Dystopie oder Horror bis Fantasy, wobei mir gesellschaftskritische Themen, tiefgr\u00fcndige Figuren und tragische Wendungen besonders am Herzen liegen. Worte sind ein wunderbarer Weg, &hellip; <\/p>\n<p class=\"link-more\"><a href=\"https:\/\/annakonelli.de\/\" class=\"more-link\"><span class=\"screen-reader-text\">\u201eMeine B\u00fccher\u201c <\/span>weiterlesen<\/a><\/p>\n","protected":false},"author":1,"featured_media":124,"parent":0,"menu_order":0,"comment_status":"closed","ping_status":"closed","template":"","meta":{"footnotes":""},"class_list":["post-15","page","type-page","status-publish","has-post-thumbnail","hentry"],"yoast_head":"<!-- This site is optimized with the Yoast SEO plugin v27.3 - https:\/\/yoast.com\/product\/yoast-seo-wordpress\/ -->\n<title>Meine B\u00fccher - Anna Konelli<\/title>\n<meta name=\"description\" content=\"Anna Konellis B\u00fccher kommen mit einer Portion Leidenschaft und Spannung! Romance, Dystopie, Horror oder Fantasy! Lies gern rein.\" \/>\n<meta name=\"robots\" content=\"index, follow, max-snippet:-1, max-image-preview:large, max-video-preview:-1\" \/>\n<link rel=\"canonical\" href=\"https:\/\/annakonelli.de\/\" \/>\n<meta property=\"og:locale\" content=\"de_DE\" \/>\n<meta property=\"og:type\" content=\"article\" \/>\n<meta property=\"og:title\" content=\"Meine B\u00fccher - Anna Konelli\" \/>\n<meta property=\"og:description\" content=\"Anna Konellis B\u00fccher kommen mit einer Portion Leidenschaft und Spannung! Romance, Dystopie, Horror oder Fantasy! Lies gern rein.\" \/>\n<meta property=\"og:url\" content=\"https:\/\/annakonelli.de\/\" \/>\n<meta property=\"og:site_name\" content=\"Anna Konelli\" \/>\n<meta property=\"article:modified_time\" content=\"2024-11-20T13:57:47+00:00\" \/>\n<meta property=\"og:image\" content=\"https:\/\/annakonelli.de\/wp-content\/uploads\/2023\/04\/0440533A-ABDE-4FFA-9A9D-8BEDCF4ADA2B-scaled-e1681590471935.jpeg\" \/>\n\t<meta property=\"og:image:width\" content=\"1066\" \/>\n\t<meta property=\"og:image:height\" content=\"1066\" \/>\n\t<meta property=\"og:image:type\" content=\"image\/jpeg\" \/>\n<meta name=\"twitter:card\" content=\"summary_large_image\" \/>\n<meta name=\"twitter:label1\" content=\"Gesch\u00e4tzte Lesezeit\" \/>\n\t<meta name=\"twitter:data1\" content=\"1\u00a0Minute\" \/>\n<script type=\"application\/ld+json\" class=\"yoast-schema-graph\">{\"@context\":\"https:\\\/\\\/schema.org\",\"@graph\":[{\"@type\":\"WebPage\",\"@id\":\"https:\\\/\\\/annakonelli.de\\\/\",\"url\":\"https:\\\/\\\/annakonelli.de\\\/\",\"name\":\"Meine B\u00fccher - Anna Konelli\",\"isPartOf\":{\"@id\":\"https:\\\/\\\/annakonelli.de\\\/#website\"},\"primaryImageOfPage\":{\"@id\":\"https:\\\/\\\/annakonelli.de\\\/#primaryimage\"},\"image\":{\"@id\":\"https:\\\/\\\/annakonelli.de\\\/#primaryimage\"},\"thumbnailUrl\":\"https:\\\/\\\/annakonelli.de\\\/wp-content\\\/uploads\\\/2023\\\/04\\\/0440533A-ABDE-4FFA-9A9D-8BEDCF4ADA2B-scaled-e1681590471935.jpeg\",\"datePublished\":\"2023-04-04T07:39:57+00:00\",\"dateModified\":\"2024-11-20T13:57:47+00:00\",\"description\":\"Anna Konellis B\u00fccher kommen mit einer Portion Leidenschaft und Spannung! Romance, Dystopie, Horror oder Fantasy! Lies gern rein.\",\"breadcrumb\":{\"@id\":\"https:\\\/\\\/annakonelli.de\\\/#breadcrumb\"},\"inLanguage\":\"de\",\"potentialAction\":[{\"@type\":\"ReadAction\",\"target\":[\"https:\\\/\\\/annakonelli.de\\\/\"]}]},{\"@type\":\"ImageObject\",\"inLanguage\":\"de\",\"@id\":\"https:\\\/\\\/annakonelli.de\\\/#primaryimage\",\"url\":\"https:\\\/\\\/annakonelli.de\\\/wp-content\\\/uploads\\\/2023\\\/04\\\/0440533A-ABDE-4FFA-9A9D-8BEDCF4ADA2B-scaled-e1681590471935.jpeg\",\"contentUrl\":\"https:\\\/\\\/annakonelli.de\\\/wp-content\\\/uploads\\\/2023\\\/04\\\/0440533A-ABDE-4FFA-9A9D-8BEDCF4ADA2B-scaled-e1681590471935.jpeg\",\"width\":1066,\"height\":1066},{\"@type\":\"BreadcrumbList\",\"@id\":\"https:\\\/\\\/annakonelli.de\\\/#breadcrumb\",\"itemListElement\":[{\"@type\":\"ListItem\",\"position\":1,\"name\":\"Startseite\",\"item\":\"https:\\\/\\\/annakonelli.de\\\/\"},{\"@type\":\"ListItem\",\"position\":2,\"name\":\"Meine B\u00fccher\"}]},{\"@type\":\"WebSite\",\"@id\":\"https:\\\/\\\/annakonelli.de\\\/#website\",\"url\":\"https:\\\/\\\/annakonelli.de\\\/\",\"name\":\"Anna Konelli\",\"description\":\"Autorin | gibt Schreibtipps | trinkt Kaffee\",\"potentialAction\":[{\"@type\":\"SearchAction\",\"target\":{\"@type\":\"EntryPoint\",\"urlTemplate\":\"https:\\\/\\\/annakonelli.de\\\/?s={search_term_string}\"},\"query-input\":{\"@type\":\"PropertyValueSpecification\",\"valueRequired\":true,\"valueName\":\"search_term_string\"}}],\"inLanguage\":\"de\"}]}<\/script>\n<!-- \/ Yoast SEO plugin. -->","yoast_head_json":{"title":"Meine B\u00fccher - Anna Konelli","description":"Anna Konellis B\u00fccher kommen mit einer Portion Leidenschaft und Spannung! Romance, Dystopie, Horror oder Fantasy! Lies gern rein.","robots":{"index":"index","follow":"follow","max-snippet":"max-snippet:-1","max-image-preview":"max-image-preview:large","max-video-preview":"max-video-preview:-1"},"canonical":"https:\/\/annakonelli.de\/","og_locale":"de_DE","og_type":"article","og_title":"Meine B\u00fccher - Anna Konelli","og_description":"Anna Konellis B\u00fccher kommen mit einer Portion Leidenschaft und Spannung! Romance, Dystopie, Horror oder Fantasy! Lies gern rein.","og_url":"https:\/\/annakonelli.de\/","og_site_name":"Anna Konelli","article_modified_time":"2024-11-20T13:57:47+00:00","og_image":[{"width":1066,"height":1066,"url":"https:\/\/annakonelli.de\/wp-content\/uploads\/2023\/04\/0440533A-ABDE-4FFA-9A9D-8BEDCF4ADA2B-scaled-e1681590471935.jpeg","type":"image\/jpeg"}],"twitter_card":"summary_large_image","twitter_misc":{"Gesch\u00e4tzte Lesezeit":"1\u00a0Minute"},"schema":{"@context":"https:\/\/schema.org","@graph":[{"@type":"WebPage","@id":"https:\/\/annakonelli.de\/","url":"https:\/\/annakonelli.de\/","name":"Meine B\u00fccher - Anna Konelli","isPartOf":{"@id":"https:\/\/annakonelli.de\/#website"},"primaryImageOfPage":{"@id":"https:\/\/annakonelli.de\/#primaryimage"},"image":{"@id":"https:\/\/annakonelli.de\/#primaryimage"},"thumbnailUrl":"https:\/\/annakonelli.de\/wp-content\/uploads\/2023\/04\/0440533A-ABDE-4FFA-9A9D-8BEDCF4ADA2B-scaled-e1681590471935.jpeg","datePublished":"2023-04-04T07:39:57+00:00","dateModified":"2024-11-20T13:57:47+00:00","description":"Anna Konellis B\u00fccher kommen mit einer Portion Leidenschaft und Spannung! Romance, Dystopie, Horror oder Fantasy! Lies gern rein.","breadcrumb":{"@id":"https:\/\/annakonelli.de\/#breadcrumb"},"inLanguage":"de","potentialAction":[{"@type":"ReadAction","target":["https:\/\/annakonelli.de\/"]}]},{"@type":"ImageObject","inLanguage":"de","@id":"https:\/\/annakonelli.de\/#primaryimage","url":"https:\/\/annakonelli.de\/wp-content\/uploads\/2023\/04\/0440533A-ABDE-4FFA-9A9D-8BEDCF4ADA2B-scaled-e1681590471935.jpeg","contentUrl":"https:\/\/annakonelli.de\/wp-content\/uploads\/2023\/04\/0440533A-ABDE-4FFA-9A9D-8BEDCF4ADA2B-scaled-e1681590471935.jpeg","width":1066,"height":1066},{"@type":"BreadcrumbList","@id":"https:\/\/annakonelli.de\/#breadcrumb","itemListElement":[{"@type":"ListItem","position":1,"name":"Startseite","item":"https:\/\/annakonelli.de\/"},{"@type":"ListItem","position":2,"name":"Meine B\u00fccher"}]},{"@type":"WebSite","@id":"https:\/\/annakonelli.de\/#website","url":"https:\/\/annakonelli.de\/","name":"Anna Konelli","description":"Autorin | gibt Schreibtipps | trinkt Kaffee","potentialAction":[{"@type":"SearchAction","target":{"@type":"EntryPoint","urlTemplate":"https:\/\/annakonelli.de\/?s={search_term_string}"},"query-input":{"@type":"PropertyValueSpecification","valueRequired":true,"valueName":"search_term_string"}}],"inLanguage":"de"}]}},"_links":{"self":[{"href":"https:\/\/annakonelli.de\/index.php?rest_route=\/wp\/v2\/pages\/15","targetHints":{"allow":["GET"]}}],"collection":[{"href":"https:\/\/annakonelli.de\/index.php?rest_route=\/wp\/v2\/pages"}],"about":[{"href":"https:\/\/annakonelli.de\/index.php?rest_route=\/wp\/v2\/types\/page"}],"author":[{"embeddable":true,"href":"https:\/\/annakonelli.de\/index.php?rest_route=\/wp\/v2\/users\/1"}],"replies":[{"embeddable":true,"href":"https:\/\/annakonelli.de\/index.php?rest_route=%2Fwp%2Fv2%2Fcomments&post=15"}],"version-history":[{"count":36,"href":"https:\/\/annakonelli.de\/index.php?rest_route=\/wp\/v2\/pages\/15\/revisions"}],"predecessor-version":[{"id":946,"href":"https:\/\/annakonelli.de\/index.php?rest_route=\/wp\/v2\/pages\/15\/revisions\/946"}],"wp:featuredmedia":[{"embeddable":true,"href":"https:\/\/annakonelli.de\/index.php?rest_route=\/wp\/v2\/media\/124"}],"wp:attachment":[{"href":"https:\/\/annakonelli.de\/index.php?rest_route=%2Fwp%2Fv2%2Fmedia&parent=15"}],"curies":[{"name":"wp","href":"https:\/\/api.w.org\/{rel}","templated":true}]}}